{"id":6170,"date":"2024-09-02T16:52:12","date_gmt":"2024-09-02T13:52:12","guid":{"rendered":"https:\/\/ajatusmatka.net\/?page_id=6170"},"modified":"2025-08-15T09:01:37","modified_gmt":"2025-08-15T06:01:37","slug":"mina","status":"publish","type":"page","link":"https:\/\/ajatusmatka.net\/?page_id=6170","title":{"rendered":"Min\u00e4"},"content":{"rendered":"\n<p class=\"has-text-align-left\">Kirjoittelen t\u00e4ss\u00e4 blogissa ajatuksiani niilt\u00e4 alueilta, joista olen todella kiinnostunut. Olen halukas laajentamaan maailmankuvaani ja se onnistuu parhaiten seuraamalla tieteit\u00e4 laidasta laitaan. T\u00e4m\u00e4 tarkoittaa paleoantropologiasta t\u00e4htitieteeseen ja jotain viel\u00e4 silt\u00e4 v\u00e4lilt\u00e4. Historia kiehtoo ja etenkin kulttuurihistoria, toki unohtamatta tekniikkaa ja sen saavutuksia. Peukutan erityisesti keskiaikaa ja sit\u00e4 k\u00e4sittelev\u00e4t kirjat saavat minut kaipaamaan noille vuosisadoille, vaikka tuskin siell\u00e4 viihtyisin pidemp\u00e4\u00e4n.<\/p>\n\n\n<div class=\"wp-block-image\">\n<figure class=\"alignleft size-large is-resized\"><img loading=\"lazy\" decoding=\"async\" width=\"1024\" height=\"721\" src=\"https:\/\/ajatusmatka.net\/wp-content\/uploads\/Nayttely-2-1024x721.jpg\" alt=\"\" class=\"wp-image-4248\" style=\"width:334px;height:auto\" srcset=\"https:\/\/ajatusmatka.net\/wp-content\/uploads\/Nayttely-2-1024x721.jpg 1024w, https:\/\/ajatusmatka.net\/wp-content\/uploads\/Nayttely-2-300x211.jpg 300w, https:\/\/ajatusmatka.net\/wp-content\/uploads\/Nayttely-2-768x541.jpg 768w, https:\/\/ajatusmatka.net\/wp-content\/uploads\/Nayttely-2.jpg 1174w\" sizes=\"auto, (max-width: 709px) 85vw, (max-width: 909px) 67vw, (max-width: 1362px) 62vw, 840px\" \/><figcaption class=\"wp-element-caption\">Kaksi n\u00e4yttelykuvaani Tuusulan rantatien galleriassa.<\/figcaption><\/figure>\n<\/div>\n\n\n<p>Luovuuttani tukee valokuvaus ja kirjoittaminen. Otin kameran k\u00e4teeni jo varhaisteinin\u00e4 ja pimi\u00f6ss\u00e4 syntyi ensimm\u00e4iset harmaas\u00e4vykuvat. Taukoa tuli keski-i\u00e4ss\u00e4, kunnes tutustuin digikuvaukseen ja kuvien muokkaamiseen. Sen my\u00f6t\u00e4 harrastus alkoi jossain mieless\u00e4 taas alusta uudelleen.<\/p>\n\n\n\n<p>Ajatusteni tuhertaminen paperille alkoi jo murkkui\u00e4ss\u00e4. Niihin teksteihin taisin vuodattaa tuon kivuliaan kasvuvaiheeni kaikki kompuroinnit. Olen viihtynyt sanojen parissa t\u00e4h\u00e4n asti ja palautettakin on matkan varrella tullut. Kaverini kanssa kirjoitimme yhteisen novellin ja l\u00e4hetimme sen valtakunnalliseen kilpailuun. Kultamitalia emme saaneet, mutta kunniamaininnan kuitenkin. Hyv\u00e4lt\u00e4h\u00e4n tuo tuntui, vaikka osallistuminen vastaaviin kilpailuihin j\u00e4ikin tuohon ainoaan kertaa. Samoin j\u00e4i yhteinen kirjaprojektimme, kun hyv\u00e4 yst\u00e4v\u00e4ni menehtyi pari vuotta sitten.<\/p>\n\n\n\n<p>Musiikkimakuni hyv\u00e4ksyy klassisen, rockin ja jazzin. Vanhemmiten klassinen ja jazz ovat saaneet minusta tiukemman otteen. Toki olen el\u00e4nyt rockin vuosikymmenet, joten eih\u00e4n siit\u00e4 eroon p\u00e4\u00e4se \u2013 ja ei ole syyt\u00e4k\u00e4\u00e4n. K\u00e4yn edelleen konserteissa ja s\u00e4hk\u00f6kitaran \u00e4\u00e4nimaailma kuulostaa yht\u00e4 maukkaalta kuin nuorempana. Tutustuminen musiikin historiaan on mukava tuki, joka antaa lis\u00e4\u00e4 potkua sen kuunteluun. Etenkin klassisen puolella tuosta on ollut hy\u00f6ty\u00e4, kun olen perehtynyt erilaisiin aikakausiin, tyylisuuntiin ja s\u00e4velt\u00e4jien historiaan. Kun joku tulee tutuksi, niin pit\u00e4misen kynnys madaltuu huomattavasti. <\/p>\n\n\n\n<p>Taidehistoria ja arkkitehtuuri ovat alueita, jotka my\u00f6s kiehtovat. Ehk\u00e4 n\u00e4iss\u00e4 on kiinnostavinta ne taitekohdat, joissa rikotaan tietoisesti hyv\u00e4ksyttyj\u00e4 rajoja. Dokumenteilla, elokuvilla ja TV-sarjoilla on toki my\u00f6s oma rooli arjessani. &nbsp;&nbsp;&nbsp;&nbsp;&nbsp;<\/p>\n\n\n<div class=\"wp-block-image\">\n<figure class=\"alignleft size-large is-resized\"><img loading=\"lazy\" decoding=\"async\" width=\"732\" height=\"1024\" src=\"https:\/\/ajatusmatka.net\/wp-content\/uploads\/Fillaroimassa-2-732x1024.jpg\" alt=\"\" class=\"wp-image-8091\" style=\"width:318px;height:auto\" srcset=\"https:\/\/ajatusmatka.net\/wp-content\/uploads\/Fillaroimassa-2-732x1024.jpg 732w, https:\/\/ajatusmatka.net\/wp-content\/uploads\/Fillaroimassa-2-214x300.jpg 214w, https:\/\/ajatusmatka.net\/wp-content\/uploads\/Fillaroimassa-2-768x1075.jpg 768w, https:\/\/ajatusmatka.net\/wp-content\/uploads\/Fillaroimassa-2.jpg 1039w\" sizes=\"auto, (max-width: 732px) 85vw, 732px\" \/><\/figure>\n<\/div>\n\n\n<p>Tukena t\u00e4lle kaikelle on ruumiinkulttuuri, jolle n\u00e4in el\u00e4kkeell\u00e4 l\u00f6ytyy mukavasti tilaa. Kes\u00e4isin rullaluistelen tai py\u00f6r\u00e4ilen v\u00e4hint\u00e4\u00e4n joka toinen p\u00e4iv\u00e4. Talvella maistuu hiiht\u00e4minen ja fillarointi sis\u00e4ll\u00e4 vastusrullien p\u00e4\u00e4ll\u00e4. Liikunnalla on ollut t\u00e4rke\u00e4 rooli, kun olen kahlannut el\u00e4m\u00e4nkaarellani  eteenp\u00e4in. Teinin\u00e4 innostuin ampumahiihdosta ja maratoninkin askelsin keski-i\u00e4ss\u00e4. Liikunta antaa potkua my\u00f6s henkiselle puolelle. Hyv\u00e4n lenkin j\u00e4lkeen on niin paljon energiaa, ett\u00e4 voisin vaikka alkaa taivuttelemaan latinan kielen verbej\u00e4. No, mit\u00e4 tulikaan taas luvattua\u2026<\/p>\n\n\n\n<p>Valokuvagalleriani l\u00f6ytyy t\u00e4\u00e4lt\u00e4:&nbsp;<a href=\"https:\/\/www.seponkuvat.fi\/kuvat\/\"><\/a><a href=\"https:\/\/www.seponkuvat.fi\/kuvat\/\">Sepon kuvat<\/a><\/p>\n\n\n\n<p><\/p>\n","protected":false},"excerpt":{"rendered":"<p>Kirjoittelen t\u00e4ss\u00e4 blogissa ajatuksiani niilt\u00e4 alueilta, joista olen todella kiinnostunut. Olen halukas laajentamaan maailmankuvaani ja se onnistuu parhaiten seuraamalla tieteit\u00e4 laidasta laitaan. T\u00e4m\u00e4 tarkoittaa paleoantropologiasta t\u00e4htitieteeseen ja jotain viel\u00e4 silt\u00e4 v\u00e4lilt\u00e4. Historia kiehtoo ja etenkin kulttuurihistoria, toki unohtamatta tekniikkaa ja sen saavutuksia. Peukutan erityisesti keskiaikaa ja sit\u00e4 k\u00e4sittelev\u00e4t kirjat saavat minut kaipaamaan noille vuosisadoille, vaikka &hellip; <a href=\"https:\/\/ajatusmatka.net\/?page_id=6170\" class=\"more-link\">Jatka lukemista<span class=\"screen-reader-text\"> &#8221;Min\u00e4&#8221;<\/span><\/a><\/p>\n","protected":false},"author":1,"featured_media":0,"parent":0,"menu_order":0,"comment_status":"closed","ping_status":"closed","template":"","meta":{"footnotes":""},"class_list":["post-6170","page","type-page","status-publish","hentry"],"_links":{"self":[{"href":"https:\/\/ajatusmatka.net\/index.php?rest_route=\/wp\/v2\/pages\/6170","targetHints":{"allow":["GET"]}}],"collection":[{"href":"https:\/\/ajatusmatka.net\/index.php?rest_route=\/wp\/v2\/pages"}],"about":[{"href":"https:\/\/ajatusmatka.net\/index.php?rest_route=\/wp\/v2\/types\/page"}],"author":[{"embeddable":true,"href":"https:\/\/ajatusmatka.net\/index.php?rest_route=\/wp\/v2\/users\/1"}],"replies":[{"embeddable":true,"href":"https:\/\/ajatusmatka.net\/index.php?rest_route=%2Fwp%2Fv2%2Fcomments&post=6170"}],"version-history":[{"count":95,"href":"https:\/\/ajatusmatka.net\/index.php?rest_route=\/wp\/v2\/pages\/6170\/revisions"}],"predecessor-version":[{"id":8096,"href":"https:\/\/ajatusmatka.net\/index.php?rest_route=\/wp\/v2\/pages\/6170\/revisions\/8096"}],"wp:attachment":[{"href":"https:\/\/ajatusmatka.net\/index.php?rest_route=%2Fwp%2Fv2%2Fmedia&parent=6170"}],"curies":[{"name":"wp","href":"https:\/\/api.w.org\/{rel}","templated":true}]}}